{"id":11133,"date":"2024-12-20T16:46:10","date_gmt":"2024-12-20T21:46:10","guid":{"rendered":"https:\/\/www.culturaltraslahuella.com\/?page_id=11133"},"modified":"2024-12-20T17:17:48","modified_gmt":"2024-12-20T22:17:48","slug":"voluntariado","status":"publish","type":"page","link":"https:\/\/www.culturaltraslahuella.com\/en\/voluntariado\/","title":{"rendered":"Voluntariado"},"content":{"rendered":"<div data-elementor-type=\"wp-page\" data-elementor-id=\"11133\" class=\"elementor elementor-11133\" data-elementor-settings=\"{&quot;page_masthead_image_height&quot;:{&quot;unit&quot;:&quot;px&quot;,&quot;size&quot;:900,&quot;sizes&quot;:[]},&quot;page_masthead_image_height_tablet&quot;:{&quot;unit&quot;:&quot;vh&quot;,&quot;size&quot;:70,&quot;sizes&quot;:[]},&quot;page_masthead_image_height_mobile&quot;:{&quot;unit&quot;:&quot;vh&quot;,&quot;size&quot;:50,&quot;sizes&quot;:[]},&quot;page_masthead_background_position_x&quot;:{&quot;unit&quot;:&quot;%&quot;,&quot;size&quot;:50,&quot;sizes&quot;:[]},&quot;page_masthead_background_position_x_tablet&quot;:{&quot;unit&quot;:&quot;%&quot;,&quot;size&quot;:50,&quot;sizes&quot;:[]},&quot;page_masthead_background_position_x_mobile&quot;:{&quot;unit&quot;:&quot;%&quot;,&quot;size&quot;:50,&quot;sizes&quot;:[]},&quot;page_masthead_background_position_y&quot;:{&quot;unit&quot;:&quot;%&quot;,&quot;size&quot;:50,&quot;sizes&quot;:[]},&quot;page_masthead_background_position_y_tablet&quot;:{&quot;unit&quot;:&quot;%&quot;,&quot;size&quot;:50,&quot;sizes&quot;:[]},&quot;page_masthead_background_position_y_mobile&quot;:{&quot;unit&quot;:&quot;%&quot;,&quot;size&quot;:50,&quot;sizes&quot;:[]},&quot;rhye_hide_title_disabled&quot;:&quot;yes&quot;}\">\n\t\t\t\t\t\t<section class=\"elementor-section elementor-top-section elementor-element elementor-element-1221107 elementor-section-boxed elementor-section-height-default elementor-section-height-default\" data-id=\"1221107\" data-element_type=\"section\" data-e-type=\"section\">\n\t\t\t\t\t\t<div class=\"elementor-container elementor-column-gap-default\">\n\t\t\t\t\t<div class=\"elementor-column elementor-col-100 elementor-top-column elementor-element elementor-element-254d39c\" data-id=\"254d39c\" data-element_type=\"column\" data-e-type=\"column\">\n\t\t\t<div class=\"elementor-widget-wrap elementor-element-populated\">\n\t\t\t\t\t\t<section class=\"elementor-section elementor-inner-section elementor-element elementor-element-8f6efba elementor-section-boxed elementor-section-height-default elementor-section-height-default\" data-id=\"8f6efba\" data-element_type=\"section\" data-e-type=\"section\">\n\t\t\t\t\t\t<div class=\"elementor-container elementor-column-gap-default\">\n\t\t\t\t\t<div class=\"elementor-column elementor-col-50 elementor-inner-column elementor-element elementor-element-025595b\" data-id=\"025595b\" data-element_type=\"column\" data-e-type=\"column\">\n\t\t\t<div class=\"elementor-widget-wrap elementor-element-populated\">\n\t\t\t\t\t\t<div class=\"elementor-element elementor-element-8be6bf9 elementor-widget elementor-widget-text-editor\" data-id=\"8be6bf9\" data-element_type=\"widget\" data-e-type=\"widget\" data-widget_type=\"text-editor.default\">\n\t\t\t\t<div class=\"elementor-widget-container\">\n\t\t\t\t\t\t\t\t\t<p><span style=\"color: #000000;\">En <strong>Cultural Tras La Huella<\/strong>, buscamos personas apasionadas y comprometidas que deseen contribuir a transformar vidas. Como voluntario, tendr\u00e1s la oportunidad de colaborar en proyectos que generan impacto positivo en \u00e1reas fundamentales como:<\/span><\/p><ul><li><span style=\"color: #000000;\"><strong>Educaci\u00f3n:<\/strong> Promoviendo acceso y calidad educativa.<\/span><\/li><li><span style=\"color: #000000;\"><strong>Medio ambiente:<\/strong> Apoyando iniciativas de sostenibilidad y conservaci\u00f3n.<\/span><\/li><li><span style=\"color: #000000;\"><strong>Cultura:<\/strong> Preservando y difundiendo nuestro patrimonio cultural.<\/span><\/li><li><span style=\"color: #000000;\"><strong>Promover la salud integral<\/strong> a trav\u00e9s de programas educativos y actividades de cuidado comunitario<\/span><\/li><li><span style=\"color: #000000;\"><strong>Diversidad de g\u00e9nero y pueblos originarios:<\/strong> Impulsando el respeto y la inclusi\u00f3n.<\/span><\/li><li><span style=\"color: #000000;\"><strong>Emprendimientos sociales:<\/strong> Fortaleciendo proyectos con enfoque comunitario.<\/span><\/li><\/ul><h4><span style=\"color: #000000;\">\u00bfQu\u00e9 Buscamos en Ti?<\/span><\/h4><ul><li><span style=\"color: #000000;\">Compromiso con nuestros valores: inclusi\u00f3n, solidaridad y respeto.<\/span><\/li><li><span style=\"color: #000000;\">Inter\u00e9s en aprender y trabajar en equipo.<\/span><\/li><li><span style=\"color: #000000;\">Actitud proactiva para participar en actividades y proyectos.<\/span><\/li><li><span style=\"color: #000000;\">Empat\u00eda y sensibilidad hacia la diversidad cultural y social.<\/span><\/li><\/ul><h4><span style=\"color: #000000;\">\u00bfQu\u00e9 Te Ofrecemos?<\/span><\/h4><ul><li><span style=\"color: #000000;\"><strong>Capacitaci\u00f3n gratuita<\/strong> en \u00e1reas de impacto social y comunitario.<\/span><\/li><li><span style=\"color: #000000;\">Experiencias enriquecedoras para tu desarrollo personal y profesional.<\/span><\/li><li><span style=\"color: #000000;\">Un entorno colaborativo donde tu aporte marca la diferencia.<\/span><\/li><li><span style=\"color: #000000;\">La satisfacci\u00f3n de contribuir a proyectos con impacto directo en la sociedad.<\/span><\/li><\/ul><h4><span style=\"color: #000000;\">\u00bfPor Qu\u00e9 Ser Voluntario en Fundaci\u00f3n Tras La Huella?<\/span><\/h4><p><span style=\"color: #000000;\">Creemos que cada acci\u00f3n cuenta y que el cambio comienza contigo. Como parte de nuestro equipo, no solo formar\u00e1s parte de proyectos innovadores, sino que tambi\u00e9n dejar\u00e1s una <strong>huella positiva<\/strong> en las comunidades que m\u00e1s lo necesitan.<\/span><\/p>\t\t\t\t\t\t\t\t<\/div>\n\t\t\t\t<\/div>\n\t\t\t\t\t<\/div>\n\t\t<\/div>\n\t\t\t\t<div class=\"elementor-column elementor-col-50 elementor-inner-column elementor-element elementor-element-75be763\" data-id=\"75be763\" data-element_type=\"column\" data-e-type=\"column\">\n\t\t\t<div class=\"elementor-widget-wrap elementor-element-populated\">\n\t\t\t\t\t\t<div class=\"elementor-element elementor-element-49f60ec eael-contact-form-7-button-align-left eael-contact-form-7-button-custom elementor-widget elementor-widget-eael-contact-form-7\" data-id=\"49f60ec\" data-element_type=\"widget\" data-e-type=\"widget\" data-widget_type=\"eael-contact-form-7.default\">\n\t\t\t\t<div class=\"elementor-widget-container\">\n\t\t\t\t\t<div class=\"eael-contact-form-7-wrapper\">\n                <div class=\"eael-contact-form eael-contact-form-7 eael-contact-form-49f60ec placeholder-show eael-contact-form-align-default\">\n<div class=\"wpcf7 no-js\" id=\"wpcf7-f166-o1\" lang=\"en-US\" dir=\"ltr\" data-wpcf7-id=\"166\">\n<div class=\"screen-reader-response\"><p role=\"status\" aria-live=\"polite\" aria-atomic=\"true\"><\/p> <ul><\/ul><\/div>\n<form action=\"\/en\/wp-json\/wp\/v2\/pages\/11133#wpcf7-f166-o1\" method=\"post\" class=\"wpcf7-form init\" aria-label=\"Contact form\" novalidate=\"novalidate\" data-status=\"init\" data-trp-original-action=\"\/en\/wp-json\/wp\/v2\/pages\/11133#wpcf7-f166-o1\">\n<fieldset class=\"hidden-fields-container\"><input type=\"hidden\" name=\"_wpcf7\" value=\"166\" \/><input type=\"hidden\" name=\"_wpcf7_version\" value=\"6.1.5\" \/><input type=\"hidden\" name=\"_wpcf7_locale\" value=\"en_US\" \/><input type=\"hidden\" name=\"_wpcf7_unit_tag\" value=\"wpcf7-f166-o1\" \/><input type=\"hidden\" name=\"_wpcf7_container_post\" value=\"0\" \/><input type=\"hidden\" name=\"_wpcf7_posted_data_hash\" value=\"\" \/>\n<\/fieldset>\n<label> Nombre\n    <span class=\"wpcf7-form-control-wrap\" data-name=\"your-name\"><input size=\"40\" maxlength=\"400\" class=\"wpcf7-form-control wpcf7-text wpcf7-validates-as-required\" aria-required=\"true\" aria-invalid=\"false\" value=\"\" type=\"text\" name=\"your-name\" \/><\/span> <\/label>\n\n<label> email\n    <span class=\"wpcf7-form-control-wrap\" data-name=\"your-email\"><input size=\"40\" maxlength=\"400\" class=\"wpcf7-form-control wpcf7-email wpcf7-validates-as-required wpcf7-text wpcf7-validates-as-email\" aria-required=\"true\" aria-invalid=\"false\" value=\"\" type=\"email\" name=\"your-email\" \/><\/span> <\/label>\n\n<label> Mensaje \n    <span class=\"wpcf7-form-control-wrap\" data-name=\"your-message\"><textarea cols=\"40\" rows=\"10\" maxlength=\"2000\" class=\"wpcf7-form-control wpcf7-textarea\" aria-invalid=\"false\" name=\"your-message\"><\/textarea><\/span> <\/label>\n\n<input class=\"wpcf7-form-control wpcf7-submit has-spinner\" type=\"submit\" value=\"Enviar\" \/><div class=\"wpcf7-response-output\" aria-hidden=\"true\"><\/div>\n<input type=\"hidden\" name=\"trp-form-language\" value=\"en\"\/><\/form>\n<\/div>\n<\/div>\n            <\/div>\t\t\t\t<\/div>\n\t\t\t\t<\/div>\n\t\t\t\t\t<\/div>\n\t\t<\/div>\n\t\t\t\t\t<\/div>\n\t\t<\/section>\n\t\t\t\t\t<\/div>\n\t\t<\/div>\n\t\t\t\t\t<\/div>\n\t\t<\/section>\n\t\t\t\t<section class=\"elementor-section elementor-top-section elementor-element elementor-element-fe3d37c elementor-section-boxed elementor-section-height-default elementor-section-height-default\" data-id=\"fe3d37c\" data-element_type=\"section\" data-e-type=\"section\">\n\t\t\t\t\t\t<div class=\"elementor-container elementor-column-gap-default\">\n\t\t\t\t\t<div class=\"elementor-column elementor-col-100 elementor-top-column elementor-element elementor-element-da11430\" data-id=\"da11430\" data-element_type=\"column\" data-e-type=\"column\">\n\t\t\t<div class=\"elementor-widget-wrap elementor-element-populated\">\n\t\t\t\t\t\t<div class=\"elementor-element elementor-element-933ba2f elementor-widget elementor-widget-heading\" data-id=\"933ba2f\" data-element_type=\"widget\" data-e-type=\"widget\" data-widget_type=\"heading.default\">\n\t\t\t\t<div class=\"elementor-widget-container\">\n\t\t\t\t\t<h5 class=\"elementor-heading-title elementor-size-xxl\">\u00bfQuieres ser parte de un cambio real en tu comunidad? En la Fundaci\u00f3n Tras La Huella, buscamos personas apasionadas y comprometidas que deseen contribuir a transformar vidas. Como voluntario, tendr\u00e1s la oportunidad de colaborar en proyectos que generan impacto positivo en \u00e1reas fundamentales como:\n\nEducaci\u00f3n: Promoviendo acceso y calidad educativa.\nMedio ambiente: Apoyando iniciativas de sostenibilidad y conservaci\u00f3n.\nCultura: Preservando y difundiendo nuestro patrimonio cultural.\nDeportes: Fomentando el desarrollo f\u00edsico y emocional.\nDiversidad de g\u00e9nero y pueblos originarios: Impulsando el respeto y la inclusi\u00f3n.\nEmprendimientos sociales: Fortaleciendo proyectos con enfoque comunitario.\n\u00bfQu\u00e9 Buscamos en Ti?\nCompromiso con nuestros valores: inclusi\u00f3n, solidaridad y respeto.\nInter\u00e9s en aprender y trabajar en equipo.\nActitud proactiva para participar en actividades y proyectos.\nEmpat\u00eda y sensibilidad hacia la diversidad cultural y social.\n\u00bfQu\u00e9 Te Ofrecemos?\nCapacitaci\u00f3n gratuita en \u00e1reas de impacto social y comunitario.\nExperiencias enriquecedoras para tu desarrollo personal y profesional.\nUn entorno colaborativo donde tu aporte marca la diferencia.\nLa satisfacci\u00f3n de contribuir a proyectos con impacto directo en la sociedad.\n\u00bfPor Qu\u00e9 Ser Voluntario en Fundaci\u00f3n Tras La Huella?\nCreemos que cada acci\u00f3n cuenta y que el cambio comienza contigo. Como parte de nuestro equipo, no solo formar\u00e1s parte de proyectos innovadores, sino que tambi\u00e9n dejar\u00e1s una huella positiva en las comunidades que m\u00e1s lo necesitan.\n\n<\/h5>\t\t\t\t<\/div>\n\t\t\t\t<\/div>\n\t\t\t\t<div class=\"elementor-element elementor-element-e1dea96 elementor-widget elementor-widget-heading\" data-id=\"e1dea96\" data-element_type=\"widget\" data-e-type=\"widget\" data-widget_type=\"heading.default\">\n\t\t\t\t<div class=\"elementor-widget-container\">\n\t\t\t\t\t<h5 class=\"elementor-heading-title elementor-size-xxl\"><b>Cultural Tras La Huella <\/b>es una entidad <b>sin \u00e1nimo de lucro <\/b>enfocada en promover la <br><b>ense\u00f1anza cultural <\/b>y fortalecer los <b>procesos art\u00edsticos<\/b>, saberes tradicionales y <br><b>conocimientos<\/b> de los <b>pueblos <\/b>originarios<b>,<\/b> <b>campesinos <\/b><br>y <b>urbanos <\/b>para el <b>desarrollo social.<\/b><\/h5>\t\t\t\t<\/div>\n\t\t\t\t<\/div>\n\t\t\t\t\t<\/div>\n\t\t<\/div>\n\t\t\t\t\t<\/div>\n\t\t<\/section>\n\t\t\t\t<\/div>","protected":false},"excerpt":{"rendered":"<p>En Cultural Tras La Huella, buscamos personas apasionadas y comprometidas que deseen contribuir a transformar vidas. Como voluntario, tendr\u00e1s la oportunidad de colaborar en proyectos que generan impacto positivo en \u00e1reas fundamentales como: Educaci\u00f3n: Promoviendo acceso y calidad educativa. Medio ambiente: Apoyando iniciativas de sostenibilidad y conservaci\u00f3n. Cultura: Preservando y difundiendo nuestro patrimonio cultural. Promover [&hellip;]<\/p>\n","protected":false},"author":1,"featured_media":0,"parent":0,"menu_order":0,"comment_status":"closed","ping_status":"closed","template":"","meta":{"_acf_changed":false,"_monsterinsights_skip_tracking":false,"_monsterinsights_sitenote_active":false,"_monsterinsights_sitenote_note":"","_monsterinsights_sitenote_category":0,"footnotes":""},"class_list":["post-11133","page","type-page","status-publish","hentry"],"acf":[],"jetpack_sharing_enabled":true,"_links":{"self":[{"href":"https:\/\/www.culturaltraslahuella.com\/en\/wp-json\/wp\/v2\/pages\/11133","targetHints":{"allow":["GET"]}}],"collection":[{"href":"https:\/\/www.culturaltraslahuella.com\/en\/wp-json\/wp\/v2\/pages"}],"about":[{"href":"https:\/\/www.culturaltraslahuella.com\/en\/wp-json\/wp\/v2\/types\/page"}],"author":[{"embeddable":true,"href":"https:\/\/www.culturaltraslahuella.com\/en\/wp-json\/wp\/v2\/users\/1"}],"replies":[{"embeddable":true,"href":"https:\/\/www.culturaltraslahuella.com\/en\/wp-json\/wp\/v2\/comments?post=11133"}],"version-history":[{"count":7,"href":"https:\/\/www.culturaltraslahuella.com\/en\/wp-json\/wp\/v2\/pages\/11133\/revisions"}],"predecessor-version":[{"id":11150,"href":"https:\/\/www.culturaltraslahuella.com\/en\/wp-json\/wp\/v2\/pages\/11133\/revisions\/11150"}],"wp:attachment":[{"href":"https:\/\/www.culturaltraslahuella.com\/en\/wp-json\/wp\/v2\/media?parent=11133"}],"curies":[{"name":"wp","href":"https:\/\/api.w.org\/{rel}","templated":true}]}}